{"id":554,"date":"2015-08-12T14:21:38","date_gmt":"2015-08-12T13:21:38","guid":{"rendered":"http:\/\/www.veloecoledemontreuil.com\/?page_id=554"},"modified":"2016-02-25T21:51:13","modified_gmt":"2016-02-25T20:51:13","slug":"culture-velo","status":"publish","type":"page","link":"http:\/\/www.veloecoledemontreuil.com\/?page_id=554","title":{"rendered":"Culture v\u00e9lo"},"content":{"rendered":"<h2 style=\"text-align: center;\">Voici une page avec plein de liens que l&rsquo;on aime et que l&rsquo;on souhaite partager avec vous.<\/h2>\n<p>&nbsp;<\/p>\n<h2 style=\"text-align: center;\"><span style=\"color: #ff0000;\"><strong>V\u00e9lo \u00e0 Montr\u00e9al<\/strong><\/span><br \/>\n<iframe loading=\"lazy\" src=\"https:\/\/player.vimeo.com\/video\/59112040?color=fef679\" width=\"500\" height=\"281\" frameborder=\"0\" allowfullscreen=\"allowfullscreen\"><\/iframe><\/h2>\n<p style=\"text-align: center;\"><a href=\"https:\/\/vimeo.com\/59112040\">I BIKE. Court m\u00e9trage<\/a> from <a href=\"https:\/\/vimeo.com\/olstudio\">Studio OL<\/a> on <a href=\"https:\/\/vimeo.com\">Vimeo<\/a>.<\/p>\n<p>&nbsp;<\/p>\n<h2 style=\"text-align: center;\"><span style=\"color: #ff0000;\">La m\u00e9canicienne<\/span><\/h2>\n<p style=\"text-align: center;\"><iframe loading=\"lazy\" src=\"https:\/\/player.vimeo.com\/video\/108314908?color=ffffff\" width=\"500\" height=\"281\" frameborder=\"0\" allowfullscreen=\"allowfullscreen\"><\/iframe><\/p>\n<p style=\"text-align: center;\"><a href=\"https:\/\/vimeo.com\/108314908\">She Builds<\/a> from <a href=\"https:\/\/vimeo.com\/jonchew\">Jon Chew<\/a> on <a href=\"https:\/\/vimeo.com\">Vimeo<\/a>.<\/p>\n<p>&nbsp;<\/p>\n<h2 style=\"text-align: center;\"><span style=\"color: #ff0000;\">Le v\u00e9lo au cin\u00e9ma<\/span><\/h2>\n<p style=\"text-align: center;\"><iframe loading=\"lazy\" src=\"https:\/\/www.youtube.com\/embed\/FWw_HOSeNcg\" width=\"560\" height=\"315\" frameborder=\"0\" allowfullscreen=\"allowfullscreen\"><\/iframe><\/p>\n<p>&nbsp;<\/p>\n<h2 style=\"text-align: center;\"><span style=\"color: #ff0000;\">Histoire de v\u00e9lo<\/span><\/h2>\n<p style=\"text-align: center;\"><iframe loading=\"lazy\" src=\"https:\/\/player.vimeo.com\/video\/81150158?title=0&amp;byline=0&amp;portrait=0\" width=\"500\" height=\"281\" frameborder=\"0\" allowfullscreen=\"allowfullscreen\"><\/iframe><\/p>\n<p style=\"text-align: center;\"><a href=\"https:\/\/vimeo.com\/81150158\">THE BICYCLE<\/a> from <a href=\"https:\/\/vimeo.com\/adamneustadter\">Adam Neustadter<\/a> on <a href=\"https:\/\/vimeo.com\">Vimeo<\/a>.<\/p>\n<h2 style=\"text-align: center;\"><span style=\"color: #ff0000;\">La berlinoise<\/span><\/h2>\n<p style=\"text-align: center;\"><iframe loading=\"lazy\" src=\"https:\/\/player.vimeo.com\/video\/109078968?title=0&amp;byline=0&amp;portrait=0\" width=\"500\" height=\"281\" frameborder=\"0\" allowfullscreen=\"allowfullscreen\"><\/iframe><\/p>\n<p style=\"text-align: center;\"><a href=\"https:\/\/vimeo.com\/109078968\">Mianzi Rei &#8211; My Legs My Gears<\/a> from <a href=\"https:\/\/vimeo.com\/coloradomedia\">Colorado Media GmbH<\/a> on <a href=\"https:\/\/vimeo.com\">Vimeo<\/a>.<\/p>\n<h2 style=\"text-align: center;\"><span style=\"color: #ff0000;\">Le club des cinq en fixie<\/span><\/h2>\n<p style=\"text-align: center;\"><iframe loading=\"lazy\" src=\"https:\/\/player.vimeo.com\/video\/110052827?color=ffffff&amp;portrait=0\" width=\"500\" height=\"281\" frameborder=\"0\" allowfullscreen=\"allowfullscreen\"><\/iframe><\/p>\n<p style=\"text-align: center;\"><a href=\"https:\/\/vimeo.com\/110052827\">Fixed On Fixed<\/a> from <a href=\"https:\/\/vimeo.com\/raechelharding\">Raechel Harding<\/a> on <a href=\"https:\/\/vimeo.com\">Vimeo<\/a>.<\/p>\n<h2 style=\"text-align: center;\"><span style=\"color: #ff0000;\">V\u00e9lo \u00e0 Cuba<\/span><\/h2>\n<h2 style=\"text-align: center;\"><iframe loading=\"lazy\" src=\"https:\/\/player.vimeo.com\/video\/89544788\" width=\"500\" height=\"281\" frameborder=\"0\" allowfullscreen=\"allowfullscreen\"><\/iframe><\/h2>\n<p style=\"text-align: center;\"><a href=\"https:\/\/vimeo.com\/89544788\">Havana Bikes<\/a> from <a href=\"https:\/\/vimeo.com\/kaurimultimedia\">Kauri Multimedia<\/a> on <a href=\"https:\/\/vimeo.com\">Vimeo<\/a>.<\/p>\n<h2 style=\"text-align: center;\"><span style=\"color: #ff0000;\">Amour \u00e0 v\u00e9lo (1)<\/span><\/h2>\n<h2 style=\"text-align: center;\"><iframe loading=\"lazy\" src=\"https:\/\/www.youtube.com\/embed\/esKYRWG6IAk\" width=\"560\" height=\"315\" frameborder=\"0\" allowfullscreen=\"allowfullscreen\"><\/iframe><\/h2>\n<h2 style=\"text-align: center;\"><span style=\"color: #ff0000;\">Amour \u00e0 v\u00e9lo (2)<\/span><\/h2>\n<p style=\"text-align: center;\">\u00a0<iframe loading=\"lazy\" src=\"https:\/\/player.vimeo.com\/video\/26504393\" width=\"500\" height=\"281\" frameborder=\"0\" allowfullscreen=\"allowfullscreen\"><\/iframe><\/p>\n<p style=\"text-align: center;\"><a href=\"https:\/\/vimeo.com\/26504393\">The Flying Pigeon Bicycle<\/a> from <a href=\"https:\/\/vimeo.com\/yuluinc\">Yulu_Inc.<\/a> on <a href=\"https:\/\/vimeo.com\">Vimeo<\/a>.<\/p>\n<h2 style=\"text-align: center;\"><span style=\"color: #ff0000;\">Atelier\u00a0v\u00e9lo<\/span><\/h2>\n<p style=\"text-align: center;\"><iframe loading=\"lazy\" src=\"https:\/\/player.vimeo.com\/video\/21928126?color=ffffff&amp;title=0&amp;byline=0&amp;portrait=0\" width=\"500\" height=\"281\" frameborder=\"0\" allowfullscreen=\"allowfullscreen\"><\/iframe><\/p>\n<p style=\"text-align: center;\"><a href=\"https:\/\/vimeo.com\/21928126\">Tune Up Your Bicycle for Spring<\/a> from <a href=\"https:\/\/vimeo.com\/etsy\">Etsy<\/a> on <a href=\"https:\/\/vimeo.com\">Vimeo<\/a>.<\/p>\n<h2 style=\"text-align: center;\"><span style=\"color: #ff0000;\">Portait cycliste en Afrique du sud<\/span><\/h2>\n<h2 style=\"text-align: center;\"><iframe loading=\"lazy\" src=\"https:\/\/player.vimeo.com\/video\/24933764?title=0&amp;byline=0&amp;portrait=0\" width=\"500\" height=\"281\" frameborder=\"0\" allowfullscreen=\"allowfullscreen\"><\/iframe><\/h2>\n<p style=\"text-align: center;\"><a href=\"https:\/\/vimeo.com\/24933764\">Bicycle Portraits &#8211; Sina Mabeta<\/a> from <a href=\"https:\/\/vimeo.com\/bicycleportraits\">Bicycle Portraits<\/a> on <a href=\"https:\/\/vimeo.com\">Vimeo<\/a>.<\/p>\n<h2 style=\"text-align: center;\"><span style=\"color: #ff0000;\">Vuelo v\u00e9lo<\/span><\/h2>\n<p style=\"text-align: center;\"><iframe loading=\"lazy\" src=\"https:\/\/player.vimeo.com\/video\/9653206\" width=\"500\" height=\"281\" frameborder=\"0\" allowfullscreen=\"allowfullscreen\"><\/iframe><\/p>\n<p style=\"text-align: center;\"><a href=\"https:\/\/vimeo.com\/9653206\">Vuelo Velo<\/a> from <a href=\"https:\/\/vimeo.com\/vuelovelo\">Vuelo Velo<\/a> on <a href=\"https:\/\/vimeo.com\">Vimeo<\/a>.<\/p>\n<h2 style=\"text-align: center;\"><span style=\"color: #ff0000;\">New york Montr\u00e9al en 4 jours<\/span><\/h2>\n<p style=\"text-align: center;\"><iframe loading=\"lazy\" src=\"https:\/\/player.vimeo.com\/video\/72115233\" width=\"500\" height=\"281\" frameborder=\"0\" allowfullscreen=\"allowfullscreen\"><\/iframe><\/p>\n<p style=\"text-align: center;\"><a href=\"https:\/\/vimeo.com\/72115233\">NYC-MTL Court m\u00e9trage<\/a> from <a href=\"https:\/\/vimeo.com\/olstudio\">Studio OL<\/a> on <a href=\"https:\/\/vimeo.com\">Vimeo<\/a>.<\/p>\n<h2 style=\"text-align: center;\"><span style=\"color: #ff0000;\">Amour du v\u00e9lo<\/span><\/h2>\n<p style=\"text-align: center;\"><iframe loading=\"lazy\" src=\"https:\/\/player.vimeo.com\/video\/31449517\" width=\"500\" height=\"281\" frameborder=\"0\" allowfullscreen=\"allowfullscreen\"><\/iframe><\/p>\n<p style=\"text-align: center;\"><a href=\"https:\/\/vimeo.com\/31449517\">bike \u2665<\/a> from <a href=\"https:\/\/vimeo.com\/rickdarge\">RICK DARGE<\/a> on <a href=\"https:\/\/vimeo.com\">Vimeo<\/a>.<\/p>\n<h2 style=\"text-align: center;\"><span style=\"color: #ff0000;\">La boutique du v\u00e9lo<\/span><\/h2>\n<p style=\"text-align: center;\">\u00a0<iframe loading=\"lazy\" src=\"https:\/\/player.vimeo.com\/video\/36258512?portrait=0\" width=\"500\" height=\"281\" frameborder=\"0\" allowfullscreen=\"allowfullscreen\"><\/iframe><\/p>\n<p style=\"text-align: center;\"><a href=\"https:\/\/vimeo.com\/36258512\">The Inverted Bike Shop<\/a> from <a href=\"https:\/\/vimeo.com\/showlove\">Show Love<\/a> on <a href=\"https:\/\/vimeo.com\">Vimeo<\/a>.<\/p>\n<h2 style=\"text-align: center;\"><span style=\"color: #ff0000;\">Toutes les choses qu&rsquo;on peut faire \u00e0 v\u00e9lo<\/span><\/h2>\n<p style=\"text-align: center;\"><iframe loading=\"lazy\" src=\"https:\/\/player.vimeo.com\/video\/54540920\" width=\"500\" height=\"281\" frameborder=\"0\" allowfullscreen=\"allowfullscreen\"><\/iframe><\/p>\n<p style=\"text-align: center;\"><a href=\"https:\/\/vimeo.com\/54540920\">thiNgS YoU cAn Do wItH a biKe<\/a> from <a href=\"https:\/\/vimeo.com\/danielbolda\">Daniel Bolda<\/a> on <a href=\"https:\/\/vimeo.com\">Vimeo<\/a>.<\/p>\n<h2 style=\"text-align: center;\"><span style=\"color: #ff0000;\">Voler un\u00a0v\u00e9lo<\/span><\/h2>\n<p style=\"text-align: center;\"><iframe loading=\"lazy\" src=\"https:\/\/player.vimeo.com\/video\/39124527?byline=0&amp;portrait=0\" width=\"500\" height=\"281\" frameborder=\"0\" allowfullscreen=\"allowfullscreen\"><\/iframe><\/p>\n<p style=\"text-align: center;\"><a href=\"https:\/\/vimeo.com\/39124527\">Bike Thief 2012<\/a> from <a href=\"https:\/\/vimeo.com\/caseyneistat\">Casey Neistat<\/a> on <a href=\"https:\/\/vimeo.com\">Vimeo<\/a>.<\/p>\n<h2 style=\"text-align: center;\"><span style=\"color: #ff0000;\">V\u00e9lo en Belgique flamande<\/span><\/h2>\n<p style=\"text-align: center;\"><iframe loading=\"lazy\" src=\"https:\/\/player.vimeo.com\/video\/66800320\" width=\"500\" height=\"281\" frameborder=\"0\" allowfullscreen=\"allowfullscreen\"><\/iframe><\/p>\n<p style=\"text-align: center;\"><a href=\"https:\/\/vimeo.com\/66800320\">VELO<\/a> from <a href=\"https:\/\/vimeo.com\/user10544296\">Ivo Maes<\/a> on <a href=\"https:\/\/vimeo.com\">Vimeo<\/a>.<\/p>\n<h2 style=\"text-align: center;\"><span style=\"color: #ff0000;\">Les coursiers de Copenhague <\/span><\/h2>\n<h4 style=\"text-align: center;\"><span style=\"color: #ff0000;\">(d\u00e9dicace \u00e0 Fast and Furious)<\/span><br \/>\n<iframe loading=\"lazy\" src=\"https:\/\/player.vimeo.com\/video\/101103059\" width=\"500\" height=\"281\" frameborder=\"0\" allowfullscreen=\"allowfullscreen\"><\/iframe><\/h4>\n<p style=\"text-align: center;\"><a href=\"https:\/\/vimeo.com\/101103059\">Copenhagen bike messengers &#8211; freedom and friendship<\/a> from <a href=\"https:\/\/vimeo.com\/wocofilm\">Woco Film<\/a> on <a href=\"https:\/\/vimeo.com\">Vimeo<\/a>.<\/p>\n<h2 style=\"text-align: center;\"><span style=\"color: #ff0000;\">Mon grand-p\u00e8re fait du v\u00e9lo<\/span><\/h2>\n<p style=\"text-align: center;\"><iframe loading=\"lazy\" src=\"https:\/\/player.vimeo.com\/video\/74715441\" width=\"500\" height=\"281\" frameborder=\"0\" allowfullscreen=\"allowfullscreen\"><\/iframe><\/p>\n<p style=\"text-align: center;\"><a href=\"https:\/\/vimeo.com\/74715441\">Portrait of my grandfather : 80 and still cycling<\/a> from <a href=\"https:\/\/vimeo.com\/florentpiovesan\">Florent Piovesan<\/a> on <a href=\"https:\/\/vimeo.com\">Vimeo<\/a>.<\/p>\n<h2 style=\"text-align: center;\"><span style=\"color: #ff0000;\">Ma\u00a0premi\u00e8re fois \u00e0 v\u00e9lo<\/span><\/h2>\n<h2 style=\"text-align: center;\"><iframe loading=\"lazy\" src=\"https:\/\/player.vimeo.com\/video\/47229591\" width=\"500\" height=\"281\" frameborder=\"0\" allowfullscreen=\"allowfullscreen\"><\/iframe><\/h2>\n<p style=\"text-align: center;\"><a href=\"https:\/\/vimeo.com\/47229591\">V\u00e9lo, ma premi\u00e8re fois<\/a> from <a href=\"https:\/\/vimeo.com\/user3112175\">M\u00e9moire Films<\/a> on <a href=\"https:\/\/vimeo.com\">Vimeo<\/a>.<\/p>\n<h2 style=\"text-align: center;\"><span style=\"color: #ff0000;\">Le v\u00e9lo tout mignon<\/span><\/h2>\n<h2 style=\"text-align: center;\"><iframe loading=\"lazy\" src=\"https:\/\/player.vimeo.com\/video\/32367464\" width=\"500\" height=\"375\" frameborder=\"0\" allowfullscreen=\"allowfullscreen\"><\/iframe><\/h2>\n<p style=\"text-align: center;\"><a href=\"https:\/\/vimeo.com\/32367464\">Velo Hoot<\/a> from <a href=\"https:\/\/vimeo.com\/mjlai\">Mary Lai<\/a> on <a href=\"https:\/\/vimeo.com\">Vimeo<\/a>.<\/p>\n<h2 style=\"text-align: center;\"><span style=\"color: #ff0000;\">V\u00e9lo vintage en Italie : L&rsquo;\u00e9roica<\/span><\/h2>\n<h2 style=\"text-align: center;\"><iframe loading=\"lazy\" src=\"https:\/\/player.vimeo.com\/video\/20236645?portrait=0\" width=\"500\" height=\"281\" frameborder=\"0\" allowfullscreen=\"allowfullscreen\"><\/iframe><\/h2>\n<p style=\"text-align: center;\"><a href=\"https:\/\/vimeo.com\/20236645\">L&rsquo;EROICA (french version)<\/a> from <a href=\"https:\/\/vimeo.com\/edsepulchre\">Edouard Sepulchre<\/a> on <a href=\"https:\/\/vimeo.com\">Vimeo<\/a>.<\/p>\n<h2 style=\"text-align: center;\"><span style=\"color: #ff0000;\">Pri\u00e8re ou V\u00e9lo<\/span><\/h2>\n<h2 style=\"text-align: center;\"><iframe loading=\"lazy\" src=\"https:\/\/player.vimeo.com\/video\/66012298\" width=\"500\" height=\"281\" frameborder=\"0\" allowfullscreen=\"allowfullscreen\"><\/iframe><\/h2>\n<p style=\"text-align: center;\"><a href=\"https:\/\/vimeo.com\/66012298\">MFF2013 Life and Hereafter by Khaled Khella<\/a> from <a href=\"https:\/\/vimeo.com\/mobilefilmfestival\">S. Botello Productions\u2122<\/a> on <a href=\"https:\/\/vimeo.com\">Vimeo<\/a>.<\/p>\n<h2 style=\"text-align: center;\"><span style=\"color: #ff0000;\">Orgasme \u00e0 v\u00e9lo\u00a0<\/span><\/h2>\n<h2 style=\"text-align: center;\"><iframe loading=\"lazy\" src=\"https:\/\/player.vimeo.com\/video\/74278735\" width=\"500\" height=\"281\" frameborder=\"0\" allowfullscreen=\"allowfullscreen\"><\/iframe><\/h2>\n<p style=\"text-align: center;\"><a href=\"https:\/\/vimeo.com\/74278735\">Orgasme sur un v\u00e9lo<\/a> from <a href=\"https:\/\/vimeo.com\/telebocal\">T\u00e9l\u00e9 Bocal<\/a> on <a href=\"https:\/\/vimeo.com\">Vimeo<\/a>.<\/p>\n<h2 style=\"text-align: center;\"><span style=\"color: #ff0000;\">Le plus grand moniteur de v\u00e9lo est hollandais.\u00a0<\/span><\/h2>\n<h2 style=\"text-align: center;\"><iframe loading=\"lazy\" src=\"https:\/\/www.youtube.com\/embed\/sEON08d76oE\" width=\"500\" height=\"281\" frameborder=\"0\" allowfullscreen=\"allowfullscreen\"><\/iframe><\/h2>\n<h2 style=\"text-align: center;\"><span style=\"color: #ff0000;\">Gravel bike.\u00a0<\/span><\/h2>\n<h2 style=\"text-align: center;\"><iframe loading=\"lazy\" src=\"https:\/\/player.vimeo.com\/video\/47963412\" width=\"500\" height=\"281\" frameborder=\"0\" allowfullscreen=\"allowfullscreen\"><\/iframe><\/h2>\n<p style=\"text-align: center;\"><a href=\"https:\/\/vimeo.com\/47963412\">Almanzo100<\/a> from <a href=\"https:\/\/vimeo.com\/royalantler\">Royal Antler<\/a> on <a href=\"https:\/\/vimeo.com\">Vimeo<\/a>.<\/p>\n<h2 style=\"text-align: center;\"><span style=\"color: #ff0000;\">Caf\u00e9 et v\u00e9lo.\u00a0<\/span><\/h2>\n<h2 style=\"text-align: center;\"><iframe loading=\"lazy\" src=\"https:\/\/player.vimeo.com\/video\/21790300?title=0&amp;byline=0&amp;portrait=0\" width=\"500\" height=\"281\" frameborder=\"0\" allowfullscreen=\"allowfullscreen\"><\/iframe><\/h2>\n<p style=\"text-align: center;\"><a href=\"https:\/\/vimeo.com\/21790300\">Velo Coffee Roasters- Chattanooga, Tn.<\/a> from <a href=\"https:\/\/vimeo.com\/kohlthrelkeld\">Kohl Threlkeld<\/a> on <a href=\"https:\/\/vimeo.com\">Vimeo<\/a>.<\/p>\n<h2 style=\"text-align: center;\"><span style=\"color: #ff0000;\">Miss v\u00e9lo.\u00a0<\/span><\/h2>\n<h2 style=\"text-align: center;\"><iframe loading=\"lazy\" src=\"https:\/\/player.vimeo.com\/video\/48118283\" width=\"500\" height=\"281\" frameborder=\"0\" allowfullscreen=\"allowfullscreen\"><\/iframe><\/h2>\n<p style=\"text-align: center;\"><a href=\"https:\/\/vimeo.com\/48118283\">Miss Velo-Gorod 2012, way to final<\/a> from <a href=\"https:\/\/vimeo.com\/user11646277\">natasha_pu<\/a> on <a href=\"https:\/\/vimeo.com\">Vimeo<\/a>.<\/p>\n<h2 style=\"text-align: center;\"><span style=\"color: #ff0000;\">Romantisme et v\u00e9lo.\u00a0<\/span><\/h2>\n<h2 style=\"text-align: center;\"><iframe loading=\"lazy\" src=\"https:\/\/player.vimeo.com\/video\/147458905\" width=\"500\" height=\"281\" frameborder=\"0\" allowfullscreen=\"allowfullscreen\"><\/iframe><\/h2>\n<p style=\"text-align: center;\"><a href=\"https:\/\/vimeo.com\/147458905\">Un Petit Tour Dans Paris<\/a> from <a href=\"https:\/\/vimeo.com\/maximebaudin\">Maxime Baudin<\/a> on <a href=\"https:\/\/vimeo.com\">Vimeo<\/a>.<\/p>\n<h2 style=\"text-align: center;\"><span style=\"color: #ff0000;\">Fete du v\u00e9lo \u00e0 Riga.\u00a0<\/span><\/h2>\n<h2 style=\"text-align: center;\"><iframe loading=\"lazy\" src=\"https:\/\/player.vimeo.com\/video\/91959418\" width=\"500\" height=\"281\" frameborder=\"0\" allowfullscreen=\"allowfullscreen\"><\/iframe><\/h2>\n<p style=\"text-align: center;\"><a href=\"https:\/\/vimeo.com\/91959418\">R\u012bgas Velo ned\u0113\u013ca 2013 \/ Riga Bicycle Week 2013<\/a> from <a href=\"https:\/\/vimeo.com\/user17723219\">Riga Bike Week<\/a> on <a href=\"https:\/\/vimeo.com\">Vimeo<\/a>.<\/p>\n<h2 style=\"text-align: center;\"><span style=\"color: #ff0000;\">V\u00e9lo vintage : La patrimoine.\u00a0<\/span><\/h2>\n<h2 style=\"text-align: center;\"><iframe loading=\"lazy\" src=\"https:\/\/player.vimeo.com\/video\/29726661\" width=\"500\" height=\"275\" frameborder=\"0\" allowfullscreen=\"allowfullscreen\"><\/iframe><\/h2>\n<p style=\"text-align: center;\"><a href=\"https:\/\/vimeo.com\/29726661\">LA PATRIMOINE<\/a> from <a href=\"https:\/\/vimeo.com\/user3725130\">Benjamin Donadieu<\/a> on <a href=\"https:\/\/vimeo.com\">Vimeo<\/a>.<\/p>\n<h2 style=\"text-align: center;\"><span style=\"color: #ff0000;\">V\u00e9lo et ninjas.\u00a0<\/span><\/h2>\n<p style=\"text-align: center;\"><iframe src =\"https:\/\/player.vimeo.com\/video\/155526155\" width=\"500\" height=\"281\" frameborder=\"0\" webkitallowfullscreen mozallowfullscreen allowfullscreen><\/iframe><\/p>\n<h2 style=\"text-align: center;\"><span style=\"color: #ff0000;\">Course de fous furieux.\u00a0<\/span><\/h2>\n<p style=\"text-align: center;\"><iframe loading=\"lazy\" frameborder=\"0\" width=\"480\" height=\"270\" src=\"\/\/www.dailymotion.com\/embed\/video\/xat6k2\" allowfullscreen><\/iframe><br \/><a href=\"http:\/\/www.dailymotion.com\/video\/xat6k2_48x61-kintaro-vs-otomo_creation\" target=\"_blank\">48&#215;61 : Kintaro VS Otomo<\/a> <i>par <a href=\"http:\/\/www.dailymotion.com\/Webotaku\" target=\"_blank\">Webotaku<\/a><\/i><\/p>\n<h2 style=\"text-align: center;\"><span style=\"color: #ff0000;\">Histoire sans freins.\u00a0<\/span><\/h2>\n<p style=\"text-align: center;\"><iframe width='500' height='281' src='http:\/\/www.pinkbike.com\/v\/embed\/270334\/?colors=c80000' allowfullscreen frameborder='0'><\/iframe><\/p>\n","protected":false},"excerpt":{"rendered":"<p>Voici une page avec plein de liens que l&rsquo;on aime et que l&rsquo;on souhaite partager avec vous. &nbsp; V\u00e9lo \u00e0 Montr\u00e9al I BIKE. Court m\u00e9trage from Studio OL on Vimeo. &nbsp; La m\u00e9canicienne She Builds from Jon Chew on Vimeo. &nbsp; Le v\u00e9lo au cin\u00e9ma &nbsp; Histoire de v\u00e9lo THE BICYCLE from Adam Neustadter on<a class=\"read-more \" href=\"http:\/\/www.veloecoledemontreuil.com\/?page_id=554\" title=\"Read More\"> <span class=\"button default\">Read More<\/span><\/a><\/p>\n","protected":false},"author":1,"featured_media":0,"parent":0,"menu_order":0,"comment_status":"open","ping_status":"open","template":"","meta":[],"_links":{"self":[{"href":"http:\/\/www.veloecoledemontreuil.com\/index.php?rest_route=\/wp\/v2\/pages\/554"}],"collection":[{"href":"http:\/\/www.veloecoledemontreuil.com\/index.php?rest_route=\/wp\/v2\/pages"}],"about":[{"href":"http:\/\/www.veloecoledemontreuil.com\/index.php?rest_route=\/wp\/v2\/types\/page"}],"author":[{"embeddable":true,"href":"http:\/\/www.veloecoledemontreuil.com\/index.php?rest_route=\/wp\/v2\/users\/1"}],"replies":[{"embeddable":true,"href":"http:\/\/www.veloecoledemontreuil.com\/index.php?rest_route=%2Fwp%2Fv2%2Fcomments&post=554"}],"version-history":[{"count":66,"href":"http:\/\/www.veloecoledemontreuil.com\/index.php?rest_route=\/wp\/v2\/pages\/554\/revisions"}],"predecessor-version":[{"id":669,"href":"http:\/\/www.veloecoledemontreuil.com\/index.php?rest_route=\/wp\/v2\/pages\/554\/revisions\/669"}],"wp:attachment":[{"href":"http:\/\/www.veloecoledemontreuil.com\/index.php?rest_route=%2Fwp%2Fv2%2Fmedia&parent=554"}],"curies":[{"name":"wp","href":"https:\/\/api.w.org\/{rel}","templated":true}]}}