{"id":532,"date":"2015-06-25T21:12:43","date_gmt":"2015-06-25T20:12:43","guid":{"rendered":"http:\/\/www.veloecoledemontreuil.com\/?page_id=532"},"modified":"2015-06-26T19:03:20","modified_gmt":"2015-06-26T18:03:20","slug":"niveau-7","status":"publish","type":"page","link":"http:\/\/www.veloecoledemontreuil.com\/?page_id=532","title":{"rendered":"Niveau 7"},"content":{"rendered":"<h1 style=\"text-align: center;\"><span style=\"text-decoration: underline;\"><span style=\"color: #ff0000; text-decoration: underline;\">Objectifs<\/span><\/span><\/h1>\n<ul>\n<li>\n<h3>Devenir tr\u00e8s adroit dans des configurations tr\u00e8s diverses.<\/h3>\n<\/li>\n<\/ul>\n<ul>\n<li>\n<h3>Savoir se dissocier du v\u00e9lo.<\/h3>\n<\/li>\n<\/ul>\n<h1 style=\"text-align: center;\"><span style=\"text-decoration: underline; color: #ff0000;\">Exercices propos\u00e9s<\/span><\/h1>\n<ul>\n<li style=\"text-align: left;\">\n<h3>Ma\u00eetrise de la danseuse<\/h3>\n<\/li>\n<\/ul>\n<p style=\"text-align: center;\"><iframe loading=\"lazy\" src=\"\/\/www.youtube.com\/embed\/IZDMuwHWXo4\" width=\"392\" height=\"220\" frameborder=\"0\" allowfullscreen=\"allowfullscreen\"><\/iframe><\/p>\n<p>&nbsp;<\/p>\n<ul>\n<li>\n<h3>d\u00e9marrage et arr\u00eat \u00e0 l&rsquo;ancienne<\/h3>\n<\/li>\n<\/ul>\n<p style=\"text-align: center;\"><iframe loading=\"lazy\" src=\"\/\/www.youtube.com\/embed\/qM4WFpYrtZA\" width=\"392\" height=\"220\" frameborder=\"0\" allowfullscreen=\"allowfullscreen\"><\/iframe><\/p>\n<ul>\n<li style=\"text-align: left;\">\n<h3>\u00ab\u00a0huit\u00a0\u00bb dans une all\u00e9e de 3 m\u00e8tres de large<\/h3>\n<\/li>\n<\/ul>\n<p style=\"text-align: center;\"><iframe loading=\"lazy\" src=\"\/\/www.youtube.com\/embed\/prpaV2esgnI\" width=\"392\" height=\"220\" frameborder=\"0\" allowfullscreen=\"allowfullscreen\"><\/iframe><\/p>\n<ul>\n<li style=\"text-align: left;\">\n<h3>regarder ais\u00e9ment derri\u00e8re soi en restant parfaitement en ligne droite<\/h3>\n<\/li>\n<li style=\"text-align: left;\">\n<h3>longer par la gauche et par droite un mur ou un grillage et frotter la main sur plus de 20 m\u00e8tres<\/h3>\n<\/li>\n<\/ul>\n<p style=\"text-align: center;\"><iframe loading=\"lazy\" src=\"\/\/www.youtube.com\/embed\/jm35U_gdH_Q\" width=\"392\" height=\"220\" frameborder=\"0\" allowfullscreen=\"allowfullscreen\"><\/iframe><\/p>\n<ul>\n<li style=\"text-align: left;\">\n<h3>demi-tour, main l\u00e2ch\u00e9e (droite puis gauche), dans une all\u00e9e de 5 m\u00e8tres de large<\/h3>\n<h3>mont\u00e9e de trottoir tr\u00e8s rapide avec arr\u00eat pr\u00e9alable parall\u00e8lement au trottoir, c\u00f4t\u00e9 gauche et c\u00f4t\u00e9 droit<\/h3>\n<\/li>\n<\/ul>\n<p style=\"text-align: center;\"><iframe loading=\"lazy\" src=\"\/\/www.youtube.com\/embed\/q4ScxMSyTCU\" width=\"392\" height=\"220\" frameborder=\"0\" allowfullscreen=\"allowfullscreen\"><\/iframe><\/p>\n<ul>\n<li>\n<h3>descendre debout sur un pied un c\u00f4te raide en slalomant<\/h3>\n<\/li>\n<\/ul>\n<h1 style=\"text-align: center;\"><span style=\"text-decoration: underline; color: #ff0000;\">Conditions de passage au niveau suivant<\/span><\/h1>\n<h3>A l&rsquo;issue du Niveau 5, l&rsquo;\u00e9l\u00e8ve participe alternativement aux Niveaux 6 et 7. Les objectifs de ces deux niveaux sont ind\u00e9pendants et compl\u00e9mentaires.<\/h3>\n<p>&nbsp;<\/p>\n<p><span style=\"color: #888888;\"><span style=\"font-size: xx-large; color: #993366;\">Apr\u00e8s avoir suivi ces 7 Niveaux, et seulement apr\u00e8s cet apprentissage complet, l&rsquo;\u00e9l\u00e8ve peut commencer l&rsquo;apprentissage de la rue en solitaire &#8230; avec un moniteur comp\u00e9tent !<\/span><br \/>\n<\/span><\/p>\n<div>\n<div><img class=\"CToWUd\" src=\"https:\/\/ci6.googleusercontent.com\/proxy\/RnNZfQn2o2xpggJQqefCOervMbPIci5mujDPJnvl43kv6Rtxjyh5gHN_JKVzeU-aaGz3pePFgxfoAAtZJZNx8mveVTc-11j98EfuAJVcumUenA=s0-d-e1-ft#https:\/\/ssl.gstatic.com\/ui\/v1\/icons\/mail\/images\/cleardot.gif\" alt=\"\" \/><\/div>\n<\/div>\n<p>&nbsp;<\/p>\n","protected":false},"excerpt":{"rendered":"<p>Objectifs Devenir tr\u00e8s adroit dans des configurations tr\u00e8s diverses. Savoir se dissocier du v\u00e9lo. Exercices propos\u00e9s Ma\u00eetrise de la danseuse &nbsp; d\u00e9marrage et arr\u00eat \u00e0 l&rsquo;ancienne \u00ab\u00a0huit\u00a0\u00bb dans une all\u00e9e de 3 m\u00e8tres de large regarder ais\u00e9ment derri\u00e8re soi en restant parfaitement en ligne droite longer par la gauche et par droite un mur ou<a class=\"read-more \" href=\"http:\/\/www.veloecoledemontreuil.com\/?page_id=532\" title=\"Read More\"> <span class=\"button default\">Read More<\/span><\/a><\/p>\n","protected":false},"author":1,"featured_media":0,"parent":0,"menu_order":0,"comment_status":"open","ping_status":"open","template":"","meta":[],"_links":{"self":[{"href":"http:\/\/www.veloecoledemontreuil.com\/index.php?rest_route=\/wp\/v2\/pages\/532"}],"collection":[{"href":"http:\/\/www.veloecoledemontreuil.com\/index.php?rest_route=\/wp\/v2\/pages"}],"about":[{"href":"http:\/\/www.veloecoledemontreuil.com\/index.php?rest_route=\/wp\/v2\/types\/page"}],"author":[{"embeddable":true,"href":"http:\/\/www.veloecoledemontreuil.com\/index.php?rest_route=\/wp\/v2\/users\/1"}],"replies":[{"embeddable":true,"href":"http:\/\/www.veloecoledemontreuil.com\/index.php?rest_route=%2Fwp%2Fv2%2Fcomments&post=532"}],"version-history":[{"count":6,"href":"http:\/\/www.veloecoledemontreuil.com\/index.php?rest_route=\/wp\/v2\/pages\/532\/revisions"}],"predecessor-version":[{"id":541,"href":"http:\/\/www.veloecoledemontreuil.com\/index.php?rest_route=\/wp\/v2\/pages\/532\/revisions\/541"}],"wp:attachment":[{"href":"http:\/\/www.veloecoledemontreuil.com\/index.php?rest_route=%2Fwp%2Fv2%2Fmedia&parent=532"}],"curies":[{"name":"wp","href":"https:\/\/api.w.org\/{rel}","templated":true}]}}